{"id":5394,"date":"2024-11-27T14:10:02","date_gmt":"2024-11-27T13:10:02","guid":{"rendered":"https:\/\/orsini-liqueur.ch\/?post_type=product&#038;p=5394"},"modified":"2024-12-11T15:43:44","modified_gmt":"2024-12-11T14:43:44","slug":"hot-orsini-box-10l","status":"publish","type":"product","link":"https:\/\/orsini-liqueur.ch\/en\/product\/hot-orsini-box-10l\/","title":{"rendered":"Hot Orsini Box 10L (6%vol.)"},"content":{"rendered":"<p>Die Gl\u00fchwein-Alternative aus Z\u00fcrich. Darf es mal etwas anderes als Gl\u00fchwein sein? Fruchtig, scharf und komplett nat\u00fcrlich. Hergestellt im Kanton Z\u00fcrich, mit Apfel- und Ingwersaft aus der Region. Wir haben das Hot Orsini Rezept w\u00e4hrend mehreren Jahren an den verschiedensten Events getestet, inklusive an unserem Orsini Weihnachtsmarktstand. Fazit: Kommt sogar besser an als Gl\u00fchwein! Die neuen Boxen mit 5 oder 10 Litern mit oder ohne Alkohol machen dein Familienfest, Weihnachtsessen oder Gesch\u00e4ftsanlass zu etwas Besonderem. Auch f\u00fcr Bars und Caf\u00e9s eigenen sich die Boxen hervorragend, egal ob der Hot Orsini mit dem Dampf der Kaffeemaschine, dem Durchlauferhitzer oder dem Gl\u00fchweinkocher erhitzt wird.<\/p>","protected":false},"excerpt":{"rendered":"<p>Die Gl\u00fchwein-Alternative aus Z\u00fcrich. Darf es mal etwas anderes als Gl\u00fchwein sein? Fruchtig, scharf und komplett nat\u00fcrlich. Hergestellt im Kanton Z\u00fcrich, mit Apfel- und Ingwersaft aus der Region. Wir haben das Hot Orsini Rezept w\u00e4hrend mehreren Jahren an den verschiedensten Events getestet, inklusive an unserem Orsini Weihnachtsmarktstand. Fazit: Kommt sogar besser an als Gl\u00fchwein! Die &hellip;<\/p>\n<p class=\"read-more\"> <a class=\"\" href=\"https:\/\/orsini-liqueur.ch\/en\/product\/hot-orsini-box-10l\/\"> <span class=\"screen-reader-text\">Hot Orsini Box 10L (6%vol.)<\/span> Read More &raquo;<\/a><\/p>","protected":false},"featured_media":5391,"comment_status":"open","ping_status":"closed","template":"","meta":{"site-sidebar-layout":"default","site-content-layout":"default","ast-main-header-display":"","ast-hfb-above-header-display":"","ast-hfb-below-header-display":"","ast-hfb-mobile-header-display":"","site-post-title":"","ast-breadcrumbs-content":"","ast-featured-img":"","footer-sml-layout":"","theme-transparent-header-meta":"default","adv-header-id-meta":"","stick-header-meta":"","header-above-stick-meta":"","header-main-stick-meta":"","header-below-stick-meta":""},"product_brand":[],"product_cat":[39],"product_tag":[],"class_list":{"0":"post-5394","1":"product","2":"type-product","3":"status-publish","4":"has-post-thumbnail","6":"product_cat-heissgetraenk","7":"product_shipping_class-hot-orsini","9":"first","10":"instock","11":"taxable","12":"shipping-taxable","13":"purchasable","14":"product-type-simple"},"jetpack-related-posts":[],"jetpack_sharing_enabled":true,"_links":{"self":[{"href":"https:\/\/orsini-liqueur.ch\/en\/wp-json\/wp\/v2\/product\/5394","targetHints":{"allow":["GET"]}}],"collection":[{"href":"https:\/\/orsini-liqueur.ch\/en\/wp-json\/wp\/v2\/product"}],"about":[{"href":"https:\/\/orsini-liqueur.ch\/en\/wp-json\/wp\/v2\/types\/product"}],"replies":[{"embeddable":true,"href":"https:\/\/orsini-liqueur.ch\/en\/wp-json\/wp\/v2\/comments?post=5394"}],"wp:featuredmedia":[{"embeddable":true,"href":"https:\/\/orsini-liqueur.ch\/en\/wp-json\/wp\/v2\/media\/5391"}],"wp:attachment":[{"href":"https:\/\/orsini-liqueur.ch\/en\/wp-json\/wp\/v2\/media?parent=5394"}],"wp:term":[{"taxonomy":"product_brand","embeddable":true,"href":"https:\/\/orsini-liqueur.ch\/en\/wp-json\/wp\/v2\/product_brand?post=5394"},{"taxonomy":"product_cat","embeddable":true,"href":"https:\/\/orsini-liqueur.ch\/en\/wp-json\/wp\/v2\/product_cat?post=5394"},{"taxonomy":"product_tag","embeddable":true,"href":"https:\/\/orsini-liqueur.ch\/en\/wp-json\/wp\/v2\/product_tag?post=5394"}],"curies":[{"name":"wp","href":"https:\/\/api.w.org\/{rel}","templated":true}]}}