{"id":4316,"date":"2022-05-10T10:23:25","date_gmt":"2022-05-10T09:23:25","guid":{"rendered":"https:\/\/orsini-liqueur.ch\/?page_id=4316"},"modified":"2026-03-04T15:27:32","modified_gmt":"2026-03-04T14:27:32","slug":"bars-und-laeden","status":"publish","type":"page","link":"https:\/\/orsini-liqueur.ch\/en\/bars-und-laeden\/","title":{"rendered":"Bars and Shops"},"content":{"rendered":"<div style=\"height:30px\" aria-hidden=\"true\" class=\"wp-block-spacer\"><\/div>\n\n\n\n<div class=\"wp-block-columns is-layout-flex wp-container-core-columns-is-layout-9d6595d7 wp-block-columns-is-layout-flex\">\n<div class=\"wp-block-column is-layout-flow wp-block-column-is-layout-flow\">\n<h3 class=\"wp-block-heading\">Bars<\/h3>\n\n\n\n<p>You can get Orsini in many variations! At these places you can try them:<\/p>\n\n\n\n<ul class=\"wp-block-list\">\n<li>Caf\u00e9 du Bonheur<\/li>\n\n\n\n<li>Nordbr\u00fccke<\/li>\n\n\n\n<li>Amboss Rampe<\/li>\n\n\n\n<li>Exer<\/li>\n\n\n\n<li>Am Damm<\/li>\n\n\n\n<li>Kafi f\u00fcr Dich<\/li>\n\n\n\n<li>Safari Bar<\/li>\n\n\n\n<li>Raygrodski<\/li>\n\n\n\n<li>BqM<\/li>\n\n\n\n<li>Stub\u00e4<\/li>\n\n\n\n<li>Stereo Bar<\/li>\n\n\n\n<li>LochNess<\/li>\n\n\n\n<li>Stazione Paradiso<\/li>\n\n\n\n<li>Caf\u00e9 Europa<\/li>\n\n\n\n<li>JUL (Bern)<\/li>\n\n\n\n<li>Hang&#8217;s Vietnamese Restaurant<\/li>\n\n\n\n<li>Ban Song Thai Restaurant<\/li>\n\n\n\n<li>Zum hinteren Hecht (Winterthur)<\/li>\n\n\n\n<li>Goldener Dachs (Weinfelden)<\/li>\n<\/ul>\n<\/div>\n\n\n\n<div class=\"wp-block-column is-layout-flow wp-block-column-is-layout-flow\">\n<h3 class=\"wp-block-heading has-text-align-left\">Shops<\/h3>\n\n\n\n<p>You prefer buying a bottle in a store, rather than ordering online? Here's where you can do that:<\/p>\n\n\n\n<ul class=\"wp-block-list\">\n<li>Berg und Tal \n<ul class=\"wp-block-list\">\n<li>Im Niederdorf \ud83d\udccc<\/li>\n\n\n\n<li>Im Viadukt \ud83d\udccc<\/li>\n<\/ul>\n<\/li>\n\n\n\n<li>Canto Verde <a href=\"https:\/\/goo.gl\/maps\/qegFmKqRH4QZ32339\">\ud83d\udccc<\/a><\/li>\n\n\n\n<li><a href=\"https:\/\/shop.intercomestibles.ch\/sortiment\/details\/0834\/orsini-ginger-liqueur-20%2525\">Intercomestibles<\/a> (auch im Online-Shop erh\u00e4ltlich)<\/li>\n\n\n\n<li><a href=\"https:\/\/www.morelli-getraenke.ch\/\">Morelli Getr\u00e4nke<\/a> (auch im Online-Shop erh\u00e4ltlich)<\/li>\n\n\n\n<li><a href=\"https:\/\/huber-getraenke.ch\/\">Huber Getr\u00e4nke<\/a> (auch im Online-Shop erh\u00e4ltlich)<\/li>\n\n\n\n<li>Hako Getr\u00e4nke (Winterthur)<\/li>\n\n\n\n<li>Mad\u00f6rin (Weinfelden) <\/li>\n\n\n\n<li><a href=\"https:\/\/yourbarmate.com\/\">YourBarMate<\/a> (nur f\u00fcr Gastrobetriebe)<\/li>\n<\/ul>\n<\/div>\n<\/div>","protected":false},"excerpt":{"rendered":"<p>Bars Orsini gibt es in vielen Variationen! An den folgenden Orten kannst du sie ausprobieren: L\u00e4den Du m\u00f6chtest lieber eine Flasche im Laden kaufen, statt online zu bestellen? Hier ist das m\u00f6glich:<\/p>","protected":false},"author":1,"featured_media":0,"parent":0,"menu_order":0,"comment_status":"closed","ping_status":"closed","template":"","meta":{"site-sidebar-layout":"","site-content-layout":"","ast-main-header-display":"","ast-hfb-above-header-display":"","ast-hfb-below-header-display":"","ast-hfb-mobile-header-display":"","site-post-title":"","ast-breadcrumbs-content":"","ast-featured-img":"","footer-sml-layout":"","theme-transparent-header-meta":"","adv-header-id-meta":"","stick-header-meta":"","header-above-stick-meta":"","header-main-stick-meta":"","header-below-stick-meta":"","footnotes":""},"class_list":["post-4316","page","type-page","status-publish","hentry"],"jetpack-related-posts":[],"jetpack_sharing_enabled":true,"_links":{"self":[{"href":"https:\/\/orsini-liqueur.ch\/en\/wp-json\/wp\/v2\/pages\/4316","targetHints":{"allow":["GET"]}}],"collection":[{"href":"https:\/\/orsini-liqueur.ch\/en\/wp-json\/wp\/v2\/pages"}],"about":[{"href":"https:\/\/orsini-liqueur.ch\/en\/wp-json\/wp\/v2\/types\/page"}],"author":[{"embeddable":true,"href":"https:\/\/orsini-liqueur.ch\/en\/wp-json\/wp\/v2\/users\/1"}],"replies":[{"embeddable":true,"href":"https:\/\/orsini-liqueur.ch\/en\/wp-json\/wp\/v2\/comments?post=4316"}],"version-history":[{"count":38,"href":"https:\/\/orsini-liqueur.ch\/en\/wp-json\/wp\/v2\/pages\/4316\/revisions"}],"predecessor-version":[{"id":5473,"href":"https:\/\/orsini-liqueur.ch\/en\/wp-json\/wp\/v2\/pages\/4316\/revisions\/5473"}],"wp:attachment":[{"href":"https:\/\/orsini-liqueur.ch\/en\/wp-json\/wp\/v2\/media?parent=4316"}],"curies":[{"name":"wp","href":"https:\/\/api.w.org\/{rel}","templated":true}]}}