{"id":4109,"date":"2021-12-09T00:10:46","date_gmt":"2021-12-08T23:10:46","guid":{"rendered":"https:\/\/orsini-liqueur.com\/?page_id=4109"},"modified":"2021-12-09T00:17:31","modified_gmt":"2021-12-08T23:17:31","slug":"agb-terms-and-conditions","status":"publish","type":"page","link":"https:\/\/orsini-liqueur.ch\/en\/agb-terms-and-conditions\/","title":{"rendered":"AGB \/ Terms and Conditions"},"content":{"rendered":"<p><strong>1. Geltungsbereich<\/strong><\/p>\n\n\n\n<p>Orsini betreibt unter orsini-liqueur.ch einen Webshop, \u00fcber den der Orsini Ingwer Lik\u00f6r verkauft und vertrieben wird. Die folgenden Allgemeinen Gesch\u00e4ftsbedingungen (AGB) regeln in der bei Vertragsabschluss g\u00fcltigen Version das Vertragsverh\u00e4ltnis zwischen Orsini (nachfolgend wir) und Kundinnen und Kunden (nachfolgend Du), die \u00fcber diesen Webshop Waren und Leistungen beziehen.<\/p>\n\n\n\n<p><strong>1. Area of Application<\/strong><\/p>\n\n\n\n<p>Orsini runs a web shop at orsini-liqueur.ch where the selling and shipping of the Orsini Ginger Liqueur is processed. The following Terms and Conditions regulate the contractual relationship between Orsini (hereinafter we) and customers (hereinafter you) in the valid version at the time of conclusion of contract.<\/p>\n\n\n\n<p><strong>2. Angebot<\/strong><\/p>\n\n\n\n<p>Die Angebote auf orsini-liqueur.ch sind unverbindlich. Sie gelten nur solange ein Produkt verf\u00fcgbar ist. Preis- und Sortimentsanpassungen bleiben vorbehalten. Leichte Abweichungen in Gr\u00f6sse, Farbe, Struktur und Verarbeitung sind m\u00f6glich.<\/p>\n\n\n\n<p><strong>2. Offer<\/strong><\/p>\n\n\n\n<p>Offers made on orsini-liqueur.ch are nonbinding. They apply only for the time an associated product is available. Prices and range of product may be subject to adjustments. Slight variations in size, color, structure and processing may occur.<\/p>\n\n\n\n<p><strong>3. Bestellung und Vertragsabschluss<\/strong><\/p>\n\n\n\n<p>Mit der Online-Bestellung, einer E-Mail-Bestellung oder im Falle einer telefonischen Bestellung mit der m\u00fcndlichen \u00dcbermittlung der Bestelldaten, gibst Du ein rechtlich verbindliches Angebot zum Abschluss eines Kaufvertrags ab und akzeptierst die vorliegenden AGB und die ausgewiesenen Preise. Du erh\u00e4ltst von uns eine Best\u00e4tigung zum Bestellungseingang. Diese Best\u00e4tigung stellt keine Annahme des Angebots durch uns dar. Der rechtlich bindende Vertrag kommt erst mit dem Versand der Auftragsbest\u00e4tigung per E-Mail zustande.<\/p>\n\n\n\n<p><strong>3. Orders and Conclusion of Contracts<\/strong><\/p>\n\n\n\n<p>With placing an order in the web-shop, via e-mail or via phone by orally conveying the data of the order you enter a legally binding contract and you accept these Terms and Conditions as well as the adverticed prices. We will send you an confirmation for the receipt of your order after it has been placed. This confirmation does not imply an obligation for us to enter a contract with you. We do not enter a legal agreement with you until we send you an acceptance of the order via e-mail.<\/p>\n\n\n\n<p><strong>4. Preise<\/strong><\/p>\n\n\n\n<p>Die Preise sind in Schweizer Franken (CHF) inkl. Mehrwertsteuer ausgewiesen. Versandkosten sind nicht inkludiert.<\/p>\n\n\n\n<p><strong>4. Prices<\/strong><\/p>\n\n\n\n<p>Prices are displayed in Swiss Francs (CHF) incl. sales tax. Shipping costs are not included.<\/p>\n\n\n\n<p><strong>5. Zahlung<\/strong><\/p>\n\n\n\n<p>Die Zahlung ist nur mit den im Webshop akzeptierten Zahlungsmitteln m\u00f6glich. Im Moment sind dies<\/p>\n\n\n\n<p>Kreditkarte<\/p>\n\n\n\n<p><strong>5. Payment<\/strong><\/p>\n\n\n\n<p>Payments in the web-shop are limited to the following payment methods<\/p>\n\n\n\n<p>Credit Card<\/p>\n\n\n\n<p><strong>6. Lieferung und Verz\u00f6gerungen<\/strong><\/p>\n\n\n\n<p>Wir liefern momentan in der Schweiz. Geliefert wird ab unserem Lager in Z\u00fcrich. Der Versand erfolgt in der Regel innerhalb von 5 Werktagen nach Eingang der Zahlung, sofern die Waren an Lager sind. Sind Waren nicht an Lager wirst Du per E-Mail von uns informiert. Die Lieferung wird durch den Paketversand der schweizerischen Post versendet. Bei dringenden Bestellungen empfehlen wir, vorg\u00e4ngig mit uns Kontakt aufzunehmen.<\/p>\n\n\n\n<p>Wir haften nicht f\u00fcr Lieferverz\u00f6gerungen, welche von Herstellerfirmen, Produzenten, Dritten oder durch h\u00f6here Gewalt verursacht wurden. Bei Lieferverz\u00f6gerungen von mehr als einem Monat hast Du das Recht ohne vorg\u00e4ngige Mahnung vom Vertrag zur\u00fcck zu treten.<\/p>\n\n\n\n<p>Wird die Lieferung von Dir nicht angenommen oder abgeholt und an uns zur\u00fcckgesendet, verrechnen wir Dir die gesamten Transport- und die zus\u00e4tzlich angefallenen Kosten.<\/p>\n\n\n\n<p><strong>6. Delivery and Delays<\/strong><\/p>\n\n\n\n<p>We currently only ship to addresses in Switzerland. Shippings are distributed from our storage in Z\u00fcrich. Shippings are normally carried out within 5 work days if a respective product is in store. If a product is not in store we will notify you via e-mail. Pakets are shipped through the paket delivery service by the Swiss Post. If your order is urgent we recommend contacting us before placing it.<\/p>\n\n\n\n<p>We are not liable for delivery delays that are caused by manufacturers, third party agents or by act of nature beyond control. After a delay of more than a month you are entitled to cancel our contract without appeal.<\/p>\n\n\n\n<p>If you do not accept the delivery or fail to pick it up and the delivery is returned to us, we will charge you the full cost transport and applicable costs incurred.<\/p>\n\n\n\n<p><strong>7. Versandkosten<\/strong><\/p>\n\n\n\n<p>Versandkosten werden im web-shop angegeben. F\u00fcr den Paketversand durch die schweizerische Post verrechnen wir einen Unkostenbeitrag von CHF 10.<\/p>\n\n\n\n<p><strong>7. Shipping costs<\/strong><\/p>\n\n\n\n<p>Shipping costs are detailed in the web-shop. For paket delivery by the Swiss Post we charge a service fee of CHF 10.<\/p>\n\n\n\n<p><strong>8. Abholung<\/strong><\/p>\n\n\n\n<p>Nach erfolgter Bestellung mit Versandoption Abholung schicken wir dir eine E-Mail, um eine M\u00f6glichkeit f\u00fcr einen Termin und einen Abholort zu finden.&nbsp;Vorschl\u00e4ge f\u00fcr Termin und Abholorte sind unverbindlich. Wir garantieren nicht, dass ein Termin oder Ort gefunden werden kann, der f\u00fcr beide Parteien passt. Wir behalten uns vor, die Bestellung zu stornieren, falls kein Termin oder Ort vereinbart werden kann. Wird ein Termin und ein Ort von uns und von dir m\u00fcndlich oder schriftlich best\u00e4tigt, kommt die Abholung zustande. Die Abholung ist verbindlich. Wird das Lieferobjekt nicht zum vereinbarten Termin am vereinbarten Ort von dir abgeholt, behalten wir uns vor, die Bestellung nachtr\u00e4glich zu stornieren und dir die durch dich entstandenen Umtriebe in Rechnung zu stellen.&nbsp;<\/p>\n\n\n\n<p>Bestellungen von alkoholhaltigen Getr\u00e4nken k\u00f6nnen nur von Personen abgeholt werden, die mindestens 18 Jahre alt sind. Mitarbeitende von Orsini d\u00fcrfen zum Zweck der Alters\u00fcberpr\u00fcfung einen amtlichen Ausweis (Identifikationskarte, Pass, F\u00fchrerausweis) verlangen.&nbsp;<\/p>\n\n\n\n<p>Die Bestellungsbest\u00e4tigung muss zwingend bei der Abholung ausgedruckt oder digital vorgewiesen werden.&nbsp;<\/p>\n\n\n\n<p>F\u00fcr Sch\u00e4den am Lieferobjekt, die bei der Abholung oder beim Transport durch dich entstehen, \u00fcbernehmen wir keine Haftung. Die Haftung ist insbesondere f\u00fcr Verlust, Diebstahl und Missbrauch ausgeschlossen.&nbsp;<\/p>\n\n\n\n<p><strong>8. Pick-Up<\/strong><\/p>\n\n\n\n<p>After confirming your order with the shipping option &#171;pick-up&#187; we will send you an e-mail to find a time and place that works for the pick-up. Offers from our side are not binding. We do not guarantee that a time and place can be found that suits both parties. We reserve the right to cancel the order in the event that no time and place can be found. If both parties agree in word or writing to a time and place for the pick-up, the delivery will take place accordingly. This agreement is binding. If you fail to pick up the delivery at the agreed time and place, we reserve the right to cancel the order and to charge you the compensation for our full effort that results from the failed delivery. <\/p>\n\n\n\n<p>You can only pick up an order if you are above the age of 18. To estimate your age, Orsini employees may demand an identification card (ID card, passport, driver&#8217;s licence).<\/p>\n\n\n\n<p>The order confirmation must be shown in print or digitally during the pick-up. <\/p>\n\n\n\n<p>We are not liable for damages that result through you&#8217;re doing or negligence during pick-up or transport. In particular, we exclude loss, theft and misuse from our liability.<\/p>\n\n\n\n<p><strong>9. R\u00fcckgaberecht<\/strong><\/p>\n\n\n\n<p>Bestellte Ware kannst Du innerhalb von 7 Werktagen ab Versanddatum auf Deine Kosten und Gefahr an uns zur\u00fccksenden. Ausgeschlossen von der R\u00fccksendung sind personalisierte Waren, auf Kundenwunsch massangefertigte oder pers\u00f6nlich bedruckte Waren, sowie Sonderangebote und Aktionen. Hier besteht kein R\u00fcckgaberecht. Weiter besteht kein R\u00fcckgaberecht f\u00fcr bereits in Gebrauch genommene oder ge\u00f6ffnete Artikel. Die Ware muss unbesch\u00e4digt, vollst\u00e4ndig und originalverpackt sein. Zus\u00e4tzlich ist auch der R\u00fcckgabegrund anzugeben. Sind diese Kriterien erf\u00fcllt, erh\u00e4ltst Du den Kaufpreis gem\u00e4ss Ziffer 7 erstattet. Werden die R\u00fcckgabekriterien nicht eingehalten, kann die R\u00fccknahme durch uns verweigert werden.<\/p>\n\n\n\n<p><strong>9. Return Policy<\/strong><\/p>\n\n\n\n<p>Ordered products can be returned within 7 days after the date of shipment for your own account and risk. Personalised or customized products as well as exceptional and discounted offers are excluded from return or exchange.<\/p>\n\n\n\n<p><strong>10. Gew\u00e4hrleistung<\/strong><\/p>\n\n\n\n<p>Bitte pr\u00fcfe die zugestellten Waren umgehend und melde uns M\u00e4ngel sofort, jedoch sp\u00e4testens 5 Tage nach Erhalt der Ware per E-Mail. Die mangelhafte Ware ist innerhalb von 10 Tagen nach Erhalt an uns zu retournieren. Die Versandkosten werden von uns \u00fcbernommen. F\u00fcr versp\u00e4tet eingehende Meldungen oder R\u00fccksendungen erlischt der Anspruch auf Gew\u00e4hrleistung.<\/p>\n\n\n\n<p><strong>10. Warranty<\/strong><\/p>\n\n\n\n<p>Please check the delivery immediately. In the event of shortcomings or faults, please notify us via e-mail as soon as possible, at the latest within 5 days after the receipt of the delivery. Inadequate or faulty products have to be returned to us within 10 days after you received them. We will compensate for incurring shipment costs. Late notifications or returns are excepted from this warranty.<\/p>\n\n\n\n<p><strong>11. Schlussbestimmungen<\/strong><\/p>\n\n\n\n<p>Diese AGB und Vertr\u00e4ge, die basierend auf diesen AGB abgeschlossen werden, unterliegen Schweizer Recht unter Ausschluss des UN-Kaufrechts (CISG). Gerichtsstand ist Z\u00fcrich. Wir behalten uns vor, die AGB jederzeit \u00e4ndern zu k\u00f6nnen. Die jeweils g\u00fcltige Version wird auf unserer Webseite ver\u00f6ffentlicht und gilt ab dem Zeitpunkt der Ver\u00f6ffentlichung. F\u00fcr den Fall, dass einzelne Bestimmungen dieser AGB ganz oder teilweise unwirksam sein sollten, wird dadurch die G\u00fcltigkeit der \u00fcbrigen Bestimmungen nicht ber\u00fchrt.<\/p>\n\n\n\n<p>Bitte z\u00f6gere nicht, uns bei Fragen zu kontaktieren.<\/p>\n\n\n\n<p><strong>11. Final Clause<\/strong><\/p>\n\n\n\n<p>These Terms and Conditions, as well as conracts that are based on these Terms and Conditions, are subject to Swiss Law with the exclusion of the United Nations Convention on Contracts Internactional Sale of Goods CISG. The Place of jurisdiction is Z\u00fcrich. We reserve our right to change these Terms and Conditions at any time. The valid version is published on our website and enters into force at the moment of publishing. In the event of individual policies being partially or entirely ineffective, other policies will not be affected or invalidated.<\/p>\n\n\n\n<p>Please do not hesitate to contact us if you have questions.&nbsp;<\/p>","protected":false},"excerpt":{"rendered":"<p>1. Geltungsbereich Orsini betreibt unter orsini-liqueur.ch einen Webshop, \u00fcber den der Orsini Ingwer Lik\u00f6r verkauft und vertrieben wird. Die folgenden Allgemeinen Gesch\u00e4ftsbedingungen (AGB) regeln in der bei Vertragsabschluss g\u00fcltigen Version das Vertragsverh\u00e4ltnis zwischen Orsini (nachfolgend wir) und Kundinnen und Kunden (nachfolgend Du), die \u00fcber diesen Webshop Waren und Leistungen beziehen. 1. Area of Application Orsini &hellip;<\/p>\n<p class=\"read-more\"> <a class=\"\" href=\"https:\/\/orsini-liqueur.ch\/en\/agb-terms-and-conditions\/\"> <span class=\"screen-reader-text\">AGB \/ Terms and Conditions<\/span> Read More &raquo;<\/a><\/p>","protected":false},"author":3,"featured_media":0,"parent":0,"menu_order":0,"comment_status":"closed","ping_status":"closed","template":"","meta":{"site-sidebar-layout":"","site-content-layout":"","ast-main-header-display":"","ast-hfb-above-header-display":"","ast-hfb-below-header-display":"","ast-hfb-mobile-header-display":"","site-post-title":"","ast-breadcrumbs-content":"","ast-featured-img":"","footer-sml-layout":"","theme-transparent-header-meta":"","adv-header-id-meta":"","stick-header-meta":"","header-above-stick-meta":"","header-main-stick-meta":"","header-below-stick-meta":"","footnotes":""},"class_list":["post-4109","page","type-page","status-publish","hentry"],"jetpack-related-posts":[],"jetpack_sharing_enabled":true,"_links":{"self":[{"href":"https:\/\/orsini-liqueur.ch\/en\/wp-json\/wp\/v2\/pages\/4109","targetHints":{"allow":["GET"]}}],"collection":[{"href":"https:\/\/orsini-liqueur.ch\/en\/wp-json\/wp\/v2\/pages"}],"about":[{"href":"https:\/\/orsini-liqueur.ch\/en\/wp-json\/wp\/v2\/types\/page"}],"author":[{"embeddable":true,"href":"https:\/\/orsini-liqueur.ch\/en\/wp-json\/wp\/v2\/users\/3"}],"replies":[{"embeddable":true,"href":"https:\/\/orsini-liqueur.ch\/en\/wp-json\/wp\/v2\/comments?post=4109"}],"version-history":[{"count":2,"href":"https:\/\/orsini-liqueur.ch\/en\/wp-json\/wp\/v2\/pages\/4109\/revisions"}],"predecessor-version":[{"id":4111,"href":"https:\/\/orsini-liqueur.ch\/en\/wp-json\/wp\/v2\/pages\/4109\/revisions\/4111"}],"wp:attachment":[{"href":"https:\/\/orsini-liqueur.ch\/en\/wp-json\/wp\/v2\/media?parent=4109"}],"curies":[{"name":"wp","href":"https:\/\/api.w.org\/{rel}","templated":true}]}}