{"id":3610,"date":"2020-09-09T04:31:26","date_gmt":"2020-09-09T03:31:26","guid":{"rendered":"http:\/\/orsini-liqueur.com\/?page_id=3610"},"modified":"2026-03-04T15:28:43","modified_gmt":"2026-03-04T14:28:43","slug":"home","status":"publish","type":"page","link":"https:\/\/orsini-liqueur.ch\/en\/","title":{"rendered":"Home"},"content":{"rendered":"<div class=\"wp-block-cover alignfull is-position-center-center wp-duotone-rgb0067-rgb25521074-1\" style=\"min-height:400px;aspect-ratio:unset;\"><img data-recalc-dims=\"1\" loading=\"lazy\" decoding=\"async\" width=\"2560\" height=\"1707\" class=\"wp-block-cover__image-background wp-image-4078\" alt=\"Orsini Bar am St\u00e4gefest im Orsini Haus\" src=\"https:\/\/i0.wp.com\/orsini-liqueur.ch\/wp-content\/uploads\/2021\/12\/DSC03530-scaled.jpg?resize=2560%2C1707&#038;ssl=1\" style=\"object-position:0% 61%\" data-object-fit=\"cover\" data-object-position=\"0% 61%\" srcset=\"https:\/\/i0.wp.com\/orsini-liqueur.ch\/wp-content\/uploads\/2021\/12\/DSC03530-scaled.jpg?w=2560&amp;ssl=1 2560w, https:\/\/i0.wp.com\/orsini-liqueur.ch\/wp-content\/uploads\/2021\/12\/DSC03530-scaled.jpg?resize=600%2C400&amp;ssl=1 600w, https:\/\/i0.wp.com\/orsini-liqueur.ch\/wp-content\/uploads\/2021\/12\/DSC03530-scaled.jpg?resize=300%2C200&amp;ssl=1 300w, https:\/\/i0.wp.com\/orsini-liqueur.ch\/wp-content\/uploads\/2021\/12\/DSC03530-scaled.jpg?resize=1024%2C683&amp;ssl=1 1024w, https:\/\/i0.wp.com\/orsini-liqueur.ch\/wp-content\/uploads\/2021\/12\/DSC03530-scaled.jpg?resize=768%2C512&amp;ssl=1 768w, https:\/\/i0.wp.com\/orsini-liqueur.ch\/wp-content\/uploads\/2021\/12\/DSC03530-scaled.jpg?w=2000&amp;ssl=1 2000w\" sizes=\"auto, (max-width: 1000px) 100vw, 1000px\" \/><span aria-hidden=\"true\" class=\"wp-block-cover__background has-ast-global-color-4-background-color has-background-dim-20 has-background-dim\"><\/span><div class=\"wp-block-cover__inner-container is-layout-flow wp-block-cover-is-layout-flow\">\n<div class=\"wp-block-group alignwide is-layout-flow wp-block-group-is-layout-flow\"><div class=\"wp-block-group__inner-container\">\n<div class=\"wp-block-group is-layout-flow wp-block-group-is-layout-flow\"><div class=\"wp-block-group__inner-container\"><\/div><\/div>\n<\/div><\/div>\n\n\n\n<div style=\"height:15px\" aria-hidden=\"true\" class=\"wp-block-spacer\"><\/div>\n\n\n\n<h1 class=\"wp-block-heading has-text-align-right has-text-color\" id=\"everybody-loves-ginger\" style=\"color:#333333\"><img decoding=\"async\" class=\"wp-image-5313\" style=\"width: 100px;\" src=\"https:\/\/orsini-liqueur.ch\/wp-content\/uploads\/2024\/03\/neu_bio.svg\" alt=\"Orsini ist neu bio\"><mark style=\"background-color:rgba(0, 0, 0, 0)\" class=\"has-inline-color has-ast-global-color-4-color\">   ORSINI<\/mark><\/h1>\n\n\n\n<h5 class=\"wp-block-heading has-text-align-right has-text-color\" id=\"best-quality-liqueur-from-zurich\" style=\"color:#333333\"><mark style=\"background-color:rgba(0, 0, 0, 0)\" class=\"has-inline-color has-ast-global-color-4-color\">Best Quality Liqueur from Z\u00fcrich<\/mark><\/h5>\n\n\n\n<p class=\"has-text-align-right\"><mark style=\"background-color:rgba(0, 0, 0, 0)\" class=\"has-inline-color has-ast-global-color-4-color\">Orsini Ingwerlik\u00f6r \u2013 direkt aus Z\u00fcrich.<\/mark><br><mark style=\"background-color:rgba(0, 0, 0, 0)\" class=\"has-inline-color has-ast-global-color-4-color\">It shines like the sun and embraces the spicy-sweet<\/mark><br><mark style=\"background-color:rgba(0, 0, 0, 0)\" class=\"has-inline-color has-ast-global-color-4-color\">taste of ginger. It\u2019s refreshing, but also spends warmth,<\/mark><br>which is perfect for heating up a snowy winter night.<\/p>\n\n\n\n<p class=\"has-text-align-right\">Get your bottle of Orsini Ginger Liqueur today:<\/p>\n\n\n\n<div class=\"wp-block-buttons is-horizontal is-content-justification-right is-layout-flex wp-container-core-buttons-is-layout-ae2fe186 wp-block-buttons-is-layout-flex\">\n<div class=\"wp-block-button\"><a class=\"wp-block-button__link wp-element-button\" href=\"https:\/\/orsini-liqueur.ch\/en\/?post_type=product\" rel=\"\">Shop Now<\/a><\/div>\n<\/div>\n\n\n\n<div style=\"height:15px\" aria-hidden=\"true\" class=\"wp-block-spacer\"><\/div>\n\n\n\n<p class=\"has-text-align-right\"><mark style=\"background-color:rgba(0, 0, 0, 0)\" class=\"has-inline-color has-ast-global-color-4-color\">Want to find out what we\u2019re up to? Check out our<\/mark><mark style=\"background-color:rgba(0, 0, 0, 0)\" class=\"has-inline-color has-ast-global-color-3-color\"> <\/mark><a href=\"http:\/\/instagram.com\/orsini_ch\">instagram<\/a><mark style=\"background-color:rgba(0, 0, 0, 0)\" class=\"has-inline-color has-ast-global-color-4-color\">!<\/mark><\/p>\n\n\n\n<p><\/p>\n<\/div><\/div>\n\n\n\n<p><\/p>\n\n\n\n<div class=\"wp-block-group alignfull has-white-background-color has-background is-layout-flow wp-block-group-is-layout-flow\"><div class=\"wp-block-group__inner-container\">\n<div class=\"wp-block-media-text alignwide is-stacked-on-mobile is-vertically-aligned-center\" style=\"grid-template-columns:25% auto\"><figure class=\"wp-block-media-text__media\"><img data-recalc-dims=\"1\" loading=\"lazy\" decoding=\"async\" width=\"576\" height=\"1024\" src=\"https:\/\/i0.wp.com\/orsini-liqueur.ch\/wp-content\/uploads\/2026\/03\/flasche_phils_no_background.png?resize=576%2C1024&#038;ssl=1\" alt=\"Orsini Bottle\" class=\"wp-image-5466 size-large\" srcset=\"https:\/\/i0.wp.com\/orsini-liqueur.ch\/wp-content\/uploads\/2026\/03\/flasche_phils_no_background-scaled.png?resize=576%2C1024&amp;ssl=1 576w, https:\/\/i0.wp.com\/orsini-liqueur.ch\/wp-content\/uploads\/2026\/03\/flasche_phils_no_background-scaled.png?resize=169%2C300&amp;ssl=1 169w, https:\/\/i0.wp.com\/orsini-liqueur.ch\/wp-content\/uploads\/2026\/03\/flasche_phils_no_background-scaled.png?resize=768%2C1365&amp;ssl=1 768w, https:\/\/i0.wp.com\/orsini-liqueur.ch\/wp-content\/uploads\/2026\/03\/flasche_phils_no_background-scaled.png?resize=864%2C1536&amp;ssl=1 864w, https:\/\/i0.wp.com\/orsini-liqueur.ch\/wp-content\/uploads\/2026\/03\/flasche_phils_no_background-scaled.png?resize=1152%2C2048&amp;ssl=1 1152w, https:\/\/i0.wp.com\/orsini-liqueur.ch\/wp-content\/uploads\/2026\/03\/flasche_phils_no_background-scaled.png?resize=7%2C12&amp;ssl=1 7w, https:\/\/i0.wp.com\/orsini-liqueur.ch\/wp-content\/uploads\/2026\/03\/flasche_phils_no_background-scaled.png?resize=1320%2C2347&amp;ssl=1 1320w, https:\/\/i0.wp.com\/orsini-liqueur.ch\/wp-content\/uploads\/2026\/03\/flasche_phils_no_background-scaled.png?resize=600%2C1067&amp;ssl=1 600w, https:\/\/i0.wp.com\/orsini-liqueur.ch\/wp-content\/uploads\/2026\/03\/flasche_phils_no_background-scaled.png?w=1440&amp;ssl=1 1440w\" sizes=\"auto, (max-width: 576px) 100vw, 576px\" \/><\/figure><div class=\"wp-block-media-text__content\">\n<div style=\"height:40px\" aria-hidden=\"true\" class=\"wp-block-spacer\"><\/div>\n\n\n\n<h3 class=\"wp-block-heading\">Unsere Geschichte<\/h3>\n\n\n\n<p id=\"we-re-the-orsini-team\">Im Studierendenhaus Orsini in H\u00f6ngg entstand f\u00fcr das legend\u00e4re St\u00e4gefest unser neuer Ingwerlik\u00f6r. Durch unsere Experimentierfreudigkeit entwickelten wir das Rezept stets weiter und beschlossen schliesslich, unseren Orsini mit der Welt zu teilen. Damit stiessen wir auf grossen Anklang und schon bald wurde unsere WG-K\u00fcche f\u00fcr die Produktion zu klein: Bereits im ersten Jahr produzierten und vertrieben wir rund 1500 Flaschen.<\/p>\n\n\n\n<h3 class=\"wp-block-heading\" id=\"we-re-the-orsini-team\">Our Goal: The Perfect Liqueur<\/h3>\n\n\n\n<p>Er muss gelb strahlen wie die Sonne im Glas. Die Intensit\u00e4t und Sch\u00e4rfe des Ingwers definieren den Geschmack von Orsini. Apfel, Zitrone und karamellisierter Zucker geben eine fruchtig-s\u00fcsse Note und sorgen f\u00fcr ein ausgeglichenes Geschmacksprofil. Wir sind stolz, mit Orsini einen Ingwerlik\u00f6r zu pr\u00e4sentieren, der seinem Namen gerecht wird.<\/p>\n\n\n\n<div style=\"height:40px\" aria-hidden=\"true\" class=\"wp-block-spacer\"><\/div>\n<\/div><\/div>\n\n\n\n<div class=\"wp-block-media-text alignwide has-media-on-the-right is-stacked-on-mobile is-vertically-aligned-center is-image-fill-element\"><div class=\"wp-block-media-text__content\">\n<div style=\"height:40px\" aria-hidden=\"true\" class=\"wp-block-spacer\"><\/div>\n\n\n\n<h3 class=\"wp-block-heading\">Schon probiert?<\/h3>\n\n\n\n<p>Hier findest du <a href=\"https:\/\/orsini-liqueur.ch\/en\/bars-und-laeden\/\" data-type=\"page\" data-id=\"4316\">Bars and Shops<\/a>, bei denen du Orsini kaufen kannst. Du hast schon eine Flasche? Grossartig! Dann findest du hier leckere <a href=\"https:\/\/orsini-liqueur.ch\/en\/recipes\/\" data-type=\"page\" data-id=\"4197\">Recipes <\/a>f\u00fcr Drinks die jeder Sommerterasse oder Winterstube gewachsen sind!<\/p>\n\n\n\n<h3 class=\"wp-block-heading\" id=\"we-re-the-orsini-team\">Delivery in all of Switzerland<\/h3>\n\n\n\n<p>In der Stadt Z\u00fcrich verschicken wir kostenlos mit dem Velolieferservice der <a href=\"https:\/\/www.zueriwerk.ch\/\" data-type=\"link\" data-id=\"https:\/\/www.zueriwerk.ch\/\">Stiftung Z\u00fcriwerk<\/a>. Ausserhalb der Stadt verschicken wir Pakete mit unserem Logistikpartner Planzer. Pakete kommen schnell und zuverl\u00e4ssig an und werden so umweltfreundlich wie m\u00f6glich (mit dem Zug) transportiert.<\/p>\n\n\n\n<div style=\"height:40px\" aria-hidden=\"true\" class=\"wp-block-spacer\"><\/div>\n<\/div><figure class=\"wp-block-media-text__media\"><img data-recalc-dims=\"1\" loading=\"lazy\" decoding=\"async\" width=\"768\" height=\"1024\" src=\"https:\/\/i0.wp.com\/orsini-liqueur.ch\/wp-content\/uploads\/2023\/01\/philsdrinks.jpg?resize=768%2C1024&#038;ssl=1\" alt=\"\" class=\"wp-image-5088 size-large\" style=\"object-position:53% 35%\" srcset=\"https:\/\/i0.wp.com\/orsini-liqueur.ch\/wp-content\/uploads\/2023\/01\/philsdrinks-scaled.jpg?resize=768%2C1024&amp;ssl=1 768w, https:\/\/i0.wp.com\/orsini-liqueur.ch\/wp-content\/uploads\/2023\/01\/philsdrinks-scaled.jpg?resize=225%2C300&amp;ssl=1 225w, https:\/\/i0.wp.com\/orsini-liqueur.ch\/wp-content\/uploads\/2023\/01\/philsdrinks-scaled.jpg?resize=1152%2C1536&amp;ssl=1 1152w, https:\/\/i0.wp.com\/orsini-liqueur.ch\/wp-content\/uploads\/2023\/01\/philsdrinks-scaled.jpg?resize=1536%2C2048&amp;ssl=1 1536w, https:\/\/i0.wp.com\/orsini-liqueur.ch\/wp-content\/uploads\/2023\/01\/philsdrinks-scaled.jpg?resize=9%2C12&amp;ssl=1 9w, https:\/\/i0.wp.com\/orsini-liqueur.ch\/wp-content\/uploads\/2023\/01\/philsdrinks-scaled.jpg?resize=1320%2C1760&amp;ssl=1 1320w, https:\/\/i0.wp.com\/orsini-liqueur.ch\/wp-content\/uploads\/2023\/01\/philsdrinks-scaled.jpg?resize=600%2C800&amp;ssl=1 600w, https:\/\/i0.wp.com\/orsini-liqueur.ch\/wp-content\/uploads\/2023\/01\/philsdrinks-scaled.jpg?w=1920&amp;ssl=1 1920w\" sizes=\"auto, (max-width: 768px) 100vw, 768px\" \/><\/figure><\/div>\n\n\n\n<p><\/p>\n<\/div><\/div>\n\n\n\n<div style=\"height:100px\" aria-hidden=\"true\" class=\"wp-block-spacer\"><\/div>","protected":false},"excerpt":{"rendered":"<p>Unsere Geschichte Im Studierendenhaus Orsini in H\u00f6ngg entstand f\u00fcr das legend\u00e4re St\u00e4gefest unser neuer Ingwerlik\u00f6r. Durch unsere Experimentierfreudigkeit entwickelten wir das Rezept stets weiter und beschlossen schliesslich, unseren Orsini mit der Welt zu teilen. Damit stiessen wir auf grossen Anklang und schon bald wurde unsere WG-K\u00fcche f\u00fcr die Produktion zu klein: Bereits im ersten Jahr &hellip;<\/p>\n<p class=\"read-more\"> <a class=\"\" href=\"https:\/\/orsini-liqueur.ch\/en\/\"> <span class=\"screen-reader-text\">Home<\/span> Read More &raquo;<\/a><\/p>","protected":false},"author":1,"featured_media":0,"parent":0,"menu_order":0,"comment_status":"closed","ping_status":"closed","template":"","meta":{"site-sidebar-layout":"no-sidebar","site-content-layout":"plain-container","ast-main-header-display":"","ast-hfb-above-header-display":"","ast-hfb-below-header-display":"","ast-hfb-mobile-header-display":"","site-post-title":"disabled","ast-breadcrumbs-content":"","ast-featured-img":"disabled","footer-sml-layout":"","theme-transparent-header-meta":"default","adv-header-id-meta":"","stick-header-meta":"","header-above-stick-meta":"","header-main-stick-meta":"","header-below-stick-meta":"","footnotes":""},"class_list":["post-3610","page","type-page","status-publish","hentry"],"jetpack-related-posts":[],"jetpack_sharing_enabled":true,"_links":{"self":[{"href":"https:\/\/orsini-liqueur.ch\/en\/wp-json\/wp\/v2\/pages\/3610","targetHints":{"allow":["GET"]}}],"collection":[{"href":"https:\/\/orsini-liqueur.ch\/en\/wp-json\/wp\/v2\/pages"}],"about":[{"href":"https:\/\/orsini-liqueur.ch\/en\/wp-json\/wp\/v2\/types\/page"}],"author":[{"embeddable":true,"href":"https:\/\/orsini-liqueur.ch\/en\/wp-json\/wp\/v2\/users\/1"}],"replies":[{"embeddable":true,"href":"https:\/\/orsini-liqueur.ch\/en\/wp-json\/wp\/v2\/comments?post=3610"}],"version-history":[{"count":63,"href":"https:\/\/orsini-liqueur.ch\/en\/wp-json\/wp\/v2\/pages\/3610\/revisions"}],"predecessor-version":[{"id":5474,"href":"https:\/\/orsini-liqueur.ch\/en\/wp-json\/wp\/v2\/pages\/3610\/revisions\/5474"}],"wp:attachment":[{"href":"https:\/\/orsini-liqueur.ch\/en\/wp-json\/wp\/v2\/media?parent=3610"}],"curies":[{"name":"wp","href":"https:\/\/api.w.org\/{rel}","templated":true}]}}